{"id":7763,"date":"2022-04-05T05:44:42","date_gmt":"2022-04-05T03:44:42","guid":{"rendered":"https:\/\/greener.es\/ueber-uns\/"},"modified":"2022-07-01T13:23:57","modified_gmt":"2022-07-01T11:23:57","slug":"ueber-uns","status":"publish","type":"page","link":"https:\/\/greener.es\/de\/ueber-uns\/","title":{"rendered":"\u00dcber uns"},"content":{"rendered":"<p>[vc_row content_width=&#8220;full&#8220; el_class=&#8220;md-custom-background&#8220; css=&#8220;.vc_custom_1654587642092{background-position: center !important;background-repeat: no-repeat !important;background-size: cover !important;}&#8220;][vc_column width=&#8220;1\/2&#8243; offset=&#8220;vc_col-lg-6 vc_col-md-9&#8243;][gsf_space desktop=&#8220;145&#8243; tablet=&#8220;110&#8243; tablet_portrait=&#8220;90&#8243; mobile_landscape=&#8220;80&#8243; mobile=&#8220;70&#8243;][gsf_heading title_font_size=&#8220;48&#8243; sub_title_font_size=&#8220;14&#8243; text_align=&#8220;text-left&#8220; sub_title_use_theme_fonts=&#8220;&#8220; sub_title=&#8220;\u00dcBER UNS&#8220; sub_title_typography=&#8220;Lato|regular|400|normal&#8220; css=&#8220;.vc_custom_1655459666767{margin-bottom: 24px !important;}&#8220;]<\/p>\n<p class=\"fs-30 primary-font text-italic heading-color\" style=\"letter-spacing: 0.1em; max-width: 500px; line-height: 37px;\">\nWir von Greener sind auf die Gestaltung und Pflege von <b>G\u00e4rten<\/b> spezialisiert.<\/p>\n<p>Unser Ziel ist es, ein <b>perfektes Ergebnis<\/b> zu erzielen, und daf\u00fcr achten wir selbst auf die kleinsten Details und setzen die <b>modernsten Techniken und Werkzeuge<\/b> ein, welche wir in den Dienst unserer Kunden stellen.<\/p>\n<p>[\/gsf_heading][gsf_space desktop=&#8220;42&#8243; tablet=&#8220;40&#8243; tablet_portrait=&#8220;30&#8243; mobile_landscape=&#8220;30&#8243; mobile=&#8220;30&#8243;][\/vc_column][vc_column width=&#8220;1\/2&#8243;][gsf_space desktop=&#8220;50&#8243; tablet=&#8220;110&#8243; tablet_portrait=&#8220;90&#8243; mobile_landscape=&#8220;80&#8243; mobile=&#8220;70&#8243;][vc_single_image image=&#8220;8703&#8243; img_size=&#8220;full&#8220; el_class=&#8220;&#8220;][\/vc_column][\/vc_row][vc_row content_width=&#8220;full&#8220; equal_height=&#8220;yes&#8220; content_placement=&#8220;middle&#8220;][vc_column el_class=&#8220;&#8220; width=&#8220;1\/2&#8243; css=&#8220;.vc_custom_1656674594082{background-position: center !important;background-repeat: no-repeat !important;background-size: cover !important;}&#8220;][gsf_space desktop=&#8220;50&#8243; tablet=&#8220;110&#8243; tablet_portrait=&#8220;90&#8243; mobile_landscape=&#8220;80&#8243; mobile=&#8220;70&#8243;][vc_single_image image=&#8220;8709&#8243; img_size=&#8220;full&#8220; el_class=&#8220;&#8220;][gsf_space desktop=&#8220;50&#8243; tablet=&#8220;110&#8243; tablet_portrait=&#8220;90&#8243; mobile_landscape=&#8220;80&#8243; mobile=&#8220;70&#8243;][\/vc_column][vc_column width=&#8220;1\/2&#8243; css=&#8220;.vc_custom_1654587770933{margin-left: 30px !important;}&#8220;][gsf_heading title_font_size=&#8220;48&#8243; sub_title_font_size=&#8220;14&#8243; sub_title_use_theme_fonts=&#8220;&#8220; sub_title_typography=&#8220;Lato|regular|400|normal&#8220; css=&#8220;.vc_custom_1655459632735{margin-bottom: 35px !important;}&#8220;]<\/p>\n<p class=\"fs-30 primary-font text-italic heading-color\" style=\"letter-spacing: 0.1em; max-width: 500px; line-height: 37px; text-align:left\">Bei jedem der Projekte, die wir durchf\u00fchren, respektieren und schonen wir die Umwelt, da unsere Arbeitsweise auf der <b>Nachhaltigkeit <\/b>basiert.<\/p>\n<p>Unser Team ber\u00e4t Sie, damit der Au\u00dfenbereich Ihres Zuhauses optimal gestaltet wird, da wir \u00fcber ein <b>Team aus erfahrenen und kompetenten Fachleuten<\/b> verf\u00fcgen, die Sie w\u00e4hrend des gesamten Prozesses begleiten und orientieren.<\/p>\n<p>[\/gsf_heading][gsf_space desktop=&#8220;90&#8243; tablet=&#8220;70&#8243; tablet_portrait=&#8220;60&#8243; mobile_landscape=&#8220;60&#8243; mobile=&#8220;60&#8243;][\/vc_column][\/vc_row][vc_row][vc_column][\/vc_column][\/vc_row][vc_row][vc_column][gsf_space desktop=&#8220;40&#8243; tablet=&#8220;40&#8243; tablet_portrait=&#8220;30&#8243; mobile_landscape=&#8220;30&#8243; mobile=&#8220;20&#8243;][\/vc_column][\/vc_row]<\/p>\n","protected":false},"excerpt":{"rendered":"<p>[vc_row content_width=&#8220;full&#8220; el_class=&#8220;md-custom-background&#8220; css=&#8220;.vc_custom_1654587642092{background-position: center !important;background-repeat: no-repeat !important;background-size: cover !important;}&#8220;][vc_column width=&#8220;1\/2&#8243; offset=&#8220;vc_col-lg-6 vc_col-md-9&#8243;][gsf_space desktop=&#8220;145&#8243; tablet=&#8220;110&#8243; tablet_portrait=&#8220;90&#8243; mobile_landscape=&#8220;80&#8243; mobile=&#8220;70&#8243;][gsf_heading title_font_size=&#8220;48&#8243; sub_title_font_size=&#8220;14&#8243; text_align=&#8220;text-left&#8220; sub_title_use_theme_fonts=&#8220;&#8220; sub_title=&#8220;\u00dcBER UNS&#8220; sub_title_typography=&#8220;Lato|regular|400|normal&#8220; css=&#8220;.vc_custom_1655459666767{margin-bottom: 24px !important;}&#8220;] Wir von Greener sind auf die Gestaltung und Pflege von G\u00e4rten spezialisiert. Unser Ziel ist es, ein perfektes Ergebnis zu erzielen, und daf\u00fcr achten wir selbst auf [&hellip;]<\/p>\n","protected":false},"author":1,"featured_media":0,"parent":0,"menu_order":0,"comment_status":"closed","ping_status":"closed","template":"","meta":{"footnotes":""},"class_list":["post-7763","page","type-page","status-publish","hentry"],"yoast_head":"<!-- This site is optimized with the Yoast SEO plugin v20.12 - https:\/\/yoast.com\/wordpress\/plugins\/seo\/ -->\n<title>\u00dcber uns | Greener, empresa de jardiner\u00eda en Mallorca<\/title>\n<meta name=\"robots\" content=\"index, follow, max-snippet:-1, max-image-preview:large, max-video-preview:-1\" \/>\n<link rel=\"canonical\" href=\"https:\/\/greener.es\/de\/ueber-uns\/\" \/>\n<meta property=\"og:locale\" content=\"de_DE\" \/>\n<meta property=\"og:type\" content=\"article\" \/>\n<meta property=\"og:title\" content=\"\u00dcber uns | Greener, empresa de jardiner\u00eda en Mallorca\" \/>\n<meta property=\"og:description\" content=\"[vc_row content_width=&#8220;full&#8220; el_class=&#8220;md-custom-background&#8220; css=&#8220;.vc_custom_1654587642092{background-position: center !important;background-repeat: no-repeat !important;background-size: cover !important;}&#8220;][vc_column width=&#8220;1\/2&#8243; offset=&#8220;vc_col-lg-6 vc_col-md-9&#8243;][gsf_space desktop=&#8220;145&#8243; tablet=&#8220;110&#8243; tablet_portrait=&#8220;90&#8243; mobile_landscape=&#8220;80&#8243; mobile=&#8220;70&#8243;][gsf_heading title_font_size=&#8220;48&#8243; sub_title_font_size=&#8220;14&#8243; text_align=&#8220;text-left&#8220; sub_title_use_theme_fonts=&#8220;&#8220; sub_title=&#8220;\u00dcBER UNS&#8220; sub_title_typography=&#8220;Lato|regular|400|normal&#8220; css=&#8220;.vc_custom_1655459666767{margin-bottom: 24px !important;}&#8220;] Wir von Greener sind auf die Gestaltung und Pflege von G\u00e4rten spezialisiert. Unser Ziel ist es, ein perfektes Ergebnis zu erzielen, und daf\u00fcr achten wir selbst auf [&hellip;]\" \/>\n<meta property=\"og:url\" content=\"https:\/\/greener.es\/de\/ueber-uns\/\" \/>\n<meta property=\"og:site_name\" content=\"Greener, empresa de jardiner\u00eda en Mallorca\" \/>\n<meta property=\"article:modified_time\" content=\"2022-07-01T11:23:57+00:00\" \/>\n<meta name=\"twitter:card\" content=\"summary_large_image\" \/>\n<meta name=\"twitter:label1\" content=\"Gesch\u00e4tzte Lesezeit\" \/>\n\t<meta name=\"twitter:data1\" content=\"2\u00a0Minuten\" \/>\n<script type=\"application\/ld+json\" class=\"yoast-schema-graph\">{\"@context\":\"https:\/\/schema.org\",\"@graph\":[{\"@type\":\"WebPage\",\"@id\":\"https:\/\/greener.es\/de\/ueber-uns\/\",\"url\":\"https:\/\/greener.es\/de\/ueber-uns\/\",\"name\":\"\u00dcber uns | Greener, empresa de jardiner\u00eda en Mallorca\",\"isPartOf\":{\"@id\":\"https:\/\/greener.es\/de\/#website\"},\"datePublished\":\"2022-04-05T03:44:42+00:00\",\"dateModified\":\"2022-07-01T11:23:57+00:00\",\"breadcrumb\":{\"@id\":\"https:\/\/greener.es\/de\/ueber-uns\/#breadcrumb\"},\"inLanguage\":\"de\",\"potentialAction\":[{\"@type\":\"ReadAction\",\"target\":[\"https:\/\/greener.es\/de\/ueber-uns\/\"]}]},{\"@type\":\"BreadcrumbList\",\"@id\":\"https:\/\/greener.es\/de\/ueber-uns\/#breadcrumb\",\"itemListElement\":[{\"@type\":\"ListItem\",\"position\":1,\"name\":\"Portada\",\"item\":\"https:\/\/greener.es\/de\/startseite\/\"},{\"@type\":\"ListItem\",\"position\":2,\"name\":\"\u00dcber uns\"}]},{\"@type\":\"WebSite\",\"@id\":\"https:\/\/greener.es\/de\/#website\",\"url\":\"https:\/\/greener.es\/de\/\",\"name\":\"Greener, empresa de jardiner\u00eda en Mallorca\",\"description\":\"Greener, empresa de jardiner\u00eda en Mallorca\",\"publisher\":{\"@id\":\"https:\/\/greener.es\/de\/#organization\"},\"potentialAction\":[{\"@type\":\"SearchAction\",\"target\":{\"@type\":\"EntryPoint\",\"urlTemplate\":\"https:\/\/greener.es\/de\/?s={search_term_string}\"},\"query-input\":\"required name=search_term_string\"}],\"inLanguage\":\"de\"},{\"@type\":\"Organization\",\"@id\":\"https:\/\/greener.es\/de\/#organization\",\"name\":\"Greener\",\"url\":\"https:\/\/greener.es\/de\/\",\"logo\":{\"@type\":\"ImageObject\",\"inLanguage\":\"de\",\"@id\":\"https:\/\/greener.es\/de\/#\/schema\/logo\/image\/\",\"url\":\"https:\/\/greener.es\/wp-content\/uploads\/2022\/04\/greener-logo-bk-img.png\",\"contentUrl\":\"https:\/\/greener.es\/wp-content\/uploads\/2022\/04\/greener-logo-bk-img.png\",\"width\":298,\"height\":70,\"caption\":\"Greener\"},\"image\":{\"@id\":\"https:\/\/greener.es\/de\/#\/schema\/logo\/image\/\"}}]}<\/script>\n<!-- \/ Yoast SEO plugin. -->","yoast_head_json":{"title":"\u00dcber uns | Greener, empresa de jardiner\u00eda en Mallorca","robots":{"index":"index","follow":"follow","max-snippet":"max-snippet:-1","max-image-preview":"max-image-preview:large","max-video-preview":"max-video-preview:-1"},"canonical":"https:\/\/greener.es\/de\/ueber-uns\/","og_locale":"de_DE","og_type":"article","og_title":"\u00dcber uns | Greener, empresa de jardiner\u00eda en Mallorca","og_description":"[vc_row content_width=&#8220;full&#8220; el_class=&#8220;md-custom-background&#8220; css=&#8220;.vc_custom_1654587642092{background-position: center !important;background-repeat: no-repeat !important;background-size: cover !important;}&#8220;][vc_column width=&#8220;1\/2&#8243; offset=&#8220;vc_col-lg-6 vc_col-md-9&#8243;][gsf_space desktop=&#8220;145&#8243; tablet=&#8220;110&#8243; tablet_portrait=&#8220;90&#8243; mobile_landscape=&#8220;80&#8243; mobile=&#8220;70&#8243;][gsf_heading title_font_size=&#8220;48&#8243; sub_title_font_size=&#8220;14&#8243; text_align=&#8220;text-left&#8220; sub_title_use_theme_fonts=&#8220;&#8220; sub_title=&#8220;\u00dcBER UNS&#8220; sub_title_typography=&#8220;Lato|regular|400|normal&#8220; css=&#8220;.vc_custom_1655459666767{margin-bottom: 24px !important;}&#8220;] Wir von Greener sind auf die Gestaltung und Pflege von G\u00e4rten spezialisiert. Unser Ziel ist es, ein perfektes Ergebnis zu erzielen, und daf\u00fcr achten wir selbst auf [&hellip;]","og_url":"https:\/\/greener.es\/de\/ueber-uns\/","og_site_name":"Greener, empresa de jardiner\u00eda en Mallorca","article_modified_time":"2022-07-01T11:23:57+00:00","twitter_card":"summary_large_image","twitter_misc":{"Gesch\u00e4tzte Lesezeit":"2\u00a0Minuten"},"schema":{"@context":"https:\/\/schema.org","@graph":[{"@type":"WebPage","@id":"https:\/\/greener.es\/de\/ueber-uns\/","url":"https:\/\/greener.es\/de\/ueber-uns\/","name":"\u00dcber uns | Greener, empresa de jardiner\u00eda en Mallorca","isPartOf":{"@id":"https:\/\/greener.es\/de\/#website"},"datePublished":"2022-04-05T03:44:42+00:00","dateModified":"2022-07-01T11:23:57+00:00","breadcrumb":{"@id":"https:\/\/greener.es\/de\/ueber-uns\/#breadcrumb"},"inLanguage":"de","potentialAction":[{"@type":"ReadAction","target":["https:\/\/greener.es\/de\/ueber-uns\/"]}]},{"@type":"BreadcrumbList","@id":"https:\/\/greener.es\/de\/ueber-uns\/#breadcrumb","itemListElement":[{"@type":"ListItem","position":1,"name":"Portada","item":"https:\/\/greener.es\/de\/startseite\/"},{"@type":"ListItem","position":2,"name":"\u00dcber uns"}]},{"@type":"WebSite","@id":"https:\/\/greener.es\/de\/#website","url":"https:\/\/greener.es\/de\/","name":"Greener, empresa de jardiner\u00eda en Mallorca","description":"Greener, empresa de jardiner\u00eda en Mallorca","publisher":{"@id":"https:\/\/greener.es\/de\/#organization"},"potentialAction":[{"@type":"SearchAction","target":{"@type":"EntryPoint","urlTemplate":"https:\/\/greener.es\/de\/?s={search_term_string}"},"query-input":"required name=search_term_string"}],"inLanguage":"de"},{"@type":"Organization","@id":"https:\/\/greener.es\/de\/#organization","name":"Greener","url":"https:\/\/greener.es\/de\/","logo":{"@type":"ImageObject","inLanguage":"de","@id":"https:\/\/greener.es\/de\/#\/schema\/logo\/image\/","url":"https:\/\/greener.es\/wp-content\/uploads\/2022\/04\/greener-logo-bk-img.png","contentUrl":"https:\/\/greener.es\/wp-content\/uploads\/2022\/04\/greener-logo-bk-img.png","width":298,"height":70,"caption":"Greener"},"image":{"@id":"https:\/\/greener.es\/de\/#\/schema\/logo\/image\/"}}]}},"_links":{"self":[{"href":"https:\/\/greener.es\/de\/wp-json\/wp\/v2\/pages\/7763","targetHints":{"allow":["GET"]}}],"collection":[{"href":"https:\/\/greener.es\/de\/wp-json\/wp\/v2\/pages"}],"about":[{"href":"https:\/\/greener.es\/de\/wp-json\/wp\/v2\/types\/page"}],"author":[{"embeddable":true,"href":"https:\/\/greener.es\/de\/wp-json\/wp\/v2\/users\/1"}],"replies":[{"embeddable":true,"href":"https:\/\/greener.es\/de\/wp-json\/wp\/v2\/comments?post=7763"}],"version-history":[{"count":18,"href":"https:\/\/greener.es\/de\/wp-json\/wp\/v2\/pages\/7763\/revisions"}],"predecessor-version":[{"id":8727,"href":"https:\/\/greener.es\/de\/wp-json\/wp\/v2\/pages\/7763\/revisions\/8727"}],"wp:attachment":[{"href":"https:\/\/greener.es\/de\/wp-json\/wp\/v2\/media?parent=7763"}],"curies":[{"name":"wp","href":"https:\/\/api.w.org\/{rel}","templated":true}]}}