{"id":7765,"date":"2022-04-06T05:18:09","date_gmt":"2022-04-06T03:18:09","guid":{"rendered":"https:\/\/greener.es\/dienstleistungen\/"},"modified":"2022-07-01T15:02:35","modified_gmt":"2022-07-01T13:02:35","slug":"dienstleistungen","status":"publish","type":"page","link":"https:\/\/greener.es\/de\/dienstleistungen\/","title":{"rendered":"Dienstleistungen"},"content":{"rendered":"<p>[vc_row][vc_column][gsf_space desktop=&#8220;150&#8243; tablet=&#8220;120&#8243; tablet_portrait=&#8220;90&#8243; mobile_landscape=&#8220;50&#8243; mobile=&#8220;40&#8243;][gsf_heading title_font_size=&#8220;14&#8243; title_color=&#8220;#8cba38&#8243; title_letter_spacing=&#8220;0.2&#8243; sub_title_font_size=&#8220;16&#8243; title_use_theme_fonts=&#8220;&#8220; title=&#8220;DIENSTLEISTUNGEN&#8220; title_typography=&#8220;Lato|900|900|normal&#8220;]<\/p>\n<p class=\"primary-font fs-30 text-italic\" style=\"letter-spacing: 0.1em; color: #000; max-width: 800px; margin: 0 auto;\">Wir entwerfen und pflegen ma\u00dfgefertigte G\u00e4rten nach dem Geschmack und den Bed\u00fcrfnissen jedes Kunden und verwenden dabei die neuesten Innovationen des Sektors, um ein unschlagbares Ergebnis zu erzielen.<\/p>\n<p>[\/gsf_heading][gsf_space desktop=&#8220;80&#8243; tablet=&#8220;70&#8243; tablet_portrait=&#8220;60&#8243; mobile_landscape=&#8220;50&#8243; mobile=&#8220;40&#8243;][\/vc_column][\/vc_row][vc_row content_width=&#8220;full&#8220; el_class=&#8220;md-custom-background&#8220; css=&#8220;.vc_custom_1654525228609{background-position: center !important;background-repeat: no-repeat !important;background-size: cover !important;}&#8220;][vc_column width=&#8220;1\/2&#8243; css=&#8220;.vc_custom_1654524904008{margin-left: 40px !important;}&#8220;][gsf_space desktop=&#8220;145&#8243; tablet=&#8220;110&#8243; tablet_portrait=&#8220;90&#8243; mobile_landscape=&#8220;80&#8243; mobile=&#8220;70&#8243;][gsf_heading title_font_size=&#8220;48&#8243; sub_title_font_size=&#8220;18&#8243; text_align=&#8220;text-left&#8220; sub_title_use_theme_fonts=&#8220;&#8220; sub_title=&#8220;MANTENIMIENTO Y CONSERVACI\u00d3N&#8220; sub_title_typography=&#8220;Lato|900|900|normal&#8220; css=&#8220;.vc_custom_1656319446356{margin-bottom: 24px !important;}&#8220;]<\/p>\n<p>\u00b7 Umfassende Grundst\u00fcckspflege: Haus und Garten<\/p>\n<p>\u00b7 Rasen, B\u00e4ume, Str\u00e4ucher und Kletterpflanzen<\/p>\n<p>\u00b7 Swimmingpools<\/p>\n<p>\u00b7 Bew\u00e4sserungs- und Drainagesysteme<\/p>\n<p>\u00b7 Au\u00dfenmobiliar<\/p>\n<p>\u00b7 Au\u00dfenbodenbel\u00e4ge<\/p>\n<p>\u00b7 Au\u00dfenbeleuchtung<\/p>\n<p>\u00b7 Reinigung von Au\u00dfenbereichen<\/p>\n<p>[\/gsf_heading][gsf_space desktop=&#8220;145&#8243; tablet=&#8220;110&#8243; tablet_portrait=&#8220;90&#8243; mobile_landscape=&#8220;80&#8243; mobile=&#8220;70&#8243;][\/vc_column][vc_column width=&#8220;1\/2&#8243;][vc_single_image image=&#8220;8742&#8243; img_size=&#8220;full&#8220;][\/vc_column][\/vc_row][vc_row content_width=&#8220;full&#8220; el_class=&#8220;md-custom-background&#8220; css=&#8220;.vc_custom_1654525159237{background-position: center !important;background-repeat: no-repeat !important;background-size: cover !important;}&#8220;][vc_column width=&#8220;1\/2&#8243;][vc_single_image image=&#8220;7919&#8243; img_size=&#8220;full&#8220;][\/vc_column][vc_column width=&#8220;1\/2&#8243;][gsf_space desktop=&#8220;145&#8243; tablet=&#8220;110&#8243; tablet_portrait=&#8220;90&#8243; mobile_landscape=&#8220;80&#8243; mobile=&#8220;70&#8243;][gsf_heading title_font_size=&#8220;18&#8243; title_color=&#8220;#6ea820&#8243; title_letter_spacing=&#8220;0.2&#8243; sub_title_font_size=&#8220;18&#8243; text_align=&#8220;text-left&#8220; title_use_theme_fonts=&#8220;&#8220; sub_title_use_theme_fonts=&#8220;&#8220; sub_title_typography=&#8220;Lato|900|900|normal&#8220; css=&#8220;.vc_custom_1656679960017{margin-bottom: 24px !important;}&#8220; title=&#8220;GESTALTUNG UND BAU&#8220; title_typography=&#8220;Lato|900|900|normal&#8220;]<\/p>\n<p>\u00b7 Au\u00dfenbodenbel\u00e4ge<\/p>\n<p>\u00b7 Installation von privaten Kinderspielpl\u00e4tzen<\/p>\n<p>\u00b7 Bereitstellung und Anpflanzung von Pflanzenarten<\/p>\n<p>[\/gsf_heading][gsf_space desktop=&#8220;145&#8243; tablet=&#8220;110&#8243; tablet_portrait=&#8220;90&#8243; mobile_landscape=&#8220;80&#8243; mobile=&#8220;70&#8243;][\/vc_column][\/vc_row][vc_row content_width=&#8220;full&#8220; el_class=&#8220;md-custom-background&#8220; css=&#8220;.vc_custom_1654525220118{background-position: center !important;background-repeat: no-repeat !important;background-size: cover !important;}&#8220;][vc_column width=&#8220;1\/2&#8243; css=&#8220;.vc_custom_1654524949161{margin-left: 40px !important;}&#8220;][gsf_space desktop=&#8220;145&#8243; tablet=&#8220;110&#8243; tablet_portrait=&#8220;90&#8243; mobile_landscape=&#8220;80&#8243; mobile=&#8220;70&#8243;][gsf_heading title_font_size=&#8220;18&#8243; title_color=&#8220;#6ea820&#8243; title_letter_spacing=&#8220;0.2&#8243; sub_title_font_size=&#8220;18&#8243; text_align=&#8220;text-left&#8220; title_use_theme_fonts=&#8220;&#8220; sub_title_use_theme_fonts=&#8220;&#8220; el_class=&#8220;&#8220; sub_title_typography=&#8220;Lato|900|900|normal&#8220; css=&#8220;.vc_custom_1656680160169{margin-bottom: 24px !important;}&#8220; title=&#8220;HEIM CARE&#8220; title_typography=&#8220;Lato|900|900|normal&#8220;]<\/p>\n<p>\nWir k\u00fcmmern uns um die Pflege Ihres Hauses (innen\/au\u00dfen),<br \/>wenn Sie nicht zuhause sind, damit Sie sich keine Sorgen um die kleinen Zwischenf\u00e4lle machen m\u00fcssen, die w\u00e4hrend Ihrer Abwesenheit<br \/>auftreten k\u00f6nnen.<br \/>Wir m\u00f6chten, dass Sie Ihr Zuhause bei Ihrer R\u00fcckkehr in perfektem Zustand vorfinden.<br \/>Daf\u00fcr setzen wir auf ein Team aus Fachleuten, die mit verschiedenen Unternehmen der Insel zusammenarbeiten, damit Ihr Grundst\u00fcck stets in den besten H\u00e4nden ist, und bieten eine pers\u00f6nliche und vertrauensw\u00fcrdige Betreuung.<\/p>\n<p>[\/gsf_heading][gsf_space desktop=&#8220;145&#8243; tablet=&#8220;110&#8243; tablet_portrait=&#8220;90&#8243; mobile_landscape=&#8220;80&#8243; mobile=&#8220;70&#8243;][\/vc_column][vc_column width=&#8220;1\/2&#8243;][vc_single_image image=&#8220;7922&#8243; img_size=&#8220;full&#8220;][\/vc_column][\/vc_row]<\/p>\n","protected":false},"excerpt":{"rendered":"<p>[vc_row][vc_column][gsf_space desktop=&#8220;150&#8243; tablet=&#8220;120&#8243; tablet_portrait=&#8220;90&#8243; mobile_landscape=&#8220;50&#8243; mobile=&#8220;40&#8243;][gsf_heading title_font_size=&#8220;14&#8243; title_color=&#8220;#8cba38&#8243; title_letter_spacing=&#8220;0.2&#8243; sub_title_font_size=&#8220;16&#8243; title_use_theme_fonts=&#8220;&#8220; title=&#8220;DIENSTLEISTUNGEN&#8220; title_typography=&#8220;Lato|900|900|normal&#8220;] Wir entwerfen und pflegen ma\u00dfgefertigte G\u00e4rten nach dem Geschmack und den Bed\u00fcrfnissen jedes Kunden und verwenden dabei die neuesten Innovationen des Sektors, um ein unschlagbares Ergebnis zu erzielen. [\/gsf_heading][gsf_space desktop=&#8220;80&#8243; tablet=&#8220;70&#8243; tablet_portrait=&#8220;60&#8243; mobile_landscape=&#8220;50&#8243; mobile=&#8220;40&#8243;][\/vc_column][\/vc_row][vc_row content_width=&#8220;full&#8220; el_class=&#8220;md-custom-background&#8220; css=&#8220;.vc_custom_1654525228609{background-position: center !important;background-repeat: no-repeat !important;background-size: cover [&hellip;]<\/p>\n","protected":false},"author":1,"featured_media":0,"parent":0,"menu_order":0,"comment_status":"closed","ping_status":"closed","template":"","meta":{"footnotes":""},"class_list":["post-7765","page","type-page","status-publish","hentry"],"yoast_head":"<!-- This site is optimized with the Yoast SEO plugin v20.12 - https:\/\/yoast.com\/wordpress\/plugins\/seo\/ -->\n<title>Dienstleistungen | Greener, empresa de jardiner\u00eda en Mallorca<\/title>\n<meta name=\"robots\" content=\"index, follow, max-snippet:-1, max-image-preview:large, max-video-preview:-1\" \/>\n<link rel=\"canonical\" href=\"https:\/\/greener.es\/de\/dienstleistungen\/\" \/>\n<meta property=\"og:locale\" content=\"de_DE\" \/>\n<meta property=\"og:type\" content=\"article\" \/>\n<meta property=\"og:title\" content=\"Dienstleistungen | Greener, empresa de jardiner\u00eda en Mallorca\" \/>\n<meta property=\"og:description\" content=\"[vc_row][vc_column][gsf_space desktop=&#8220;150&#8243; tablet=&#8220;120&#8243; tablet_portrait=&#8220;90&#8243; mobile_landscape=&#8220;50&#8243; mobile=&#8220;40&#8243;][gsf_heading title_font_size=&#8220;14&#8243; title_color=&#8220;#8cba38&#8243; title_letter_spacing=&#8220;0.2&#8243; sub_title_font_size=&#8220;16&#8243; title_use_theme_fonts=&#8220;&#8220; title=&#8220;DIENSTLEISTUNGEN&#8220; title_typography=&#8220;Lato|900|900|normal&#8220;] Wir entwerfen und pflegen ma\u00dfgefertigte G\u00e4rten nach dem Geschmack und den Bed\u00fcrfnissen jedes Kunden und verwenden dabei die neuesten Innovationen des Sektors, um ein unschlagbares Ergebnis zu erzielen. [\/gsf_heading][gsf_space desktop=&#8220;80&#8243; tablet=&#8220;70&#8243; tablet_portrait=&#8220;60&#8243; mobile_landscape=&#8220;50&#8243; mobile=&#8220;40&#8243;][\/vc_column][\/vc_row][vc_row content_width=&#8220;full&#8220; el_class=&#8220;md-custom-background&#8220; css=&#8220;.vc_custom_1654525228609{background-position: center !important;background-repeat: no-repeat !important;background-size: cover [&hellip;]\" \/>\n<meta property=\"og:url\" content=\"https:\/\/greener.es\/de\/dienstleistungen\/\" \/>\n<meta property=\"og:site_name\" content=\"Greener, empresa de jardiner\u00eda en Mallorca\" \/>\n<meta property=\"article:modified_time\" content=\"2022-07-01T13:02:35+00:00\" \/>\n<meta name=\"twitter:card\" content=\"summary_large_image\" \/>\n<meta name=\"twitter:label1\" content=\"Gesch\u00e4tzte Lesezeit\" \/>\n\t<meta name=\"twitter:data1\" content=\"3\u00a0Minuten\" \/>\n<script type=\"application\/ld+json\" class=\"yoast-schema-graph\">{\"@context\":\"https:\/\/schema.org\",\"@graph\":[{\"@type\":\"WebPage\",\"@id\":\"https:\/\/greener.es\/de\/dienstleistungen\/\",\"url\":\"https:\/\/greener.es\/de\/dienstleistungen\/\",\"name\":\"Dienstleistungen | Greener, empresa de jardiner\u00eda en Mallorca\",\"isPartOf\":{\"@id\":\"https:\/\/greener.es\/de\/#website\"},\"datePublished\":\"2022-04-06T03:18:09+00:00\",\"dateModified\":\"2022-07-01T13:02:35+00:00\",\"breadcrumb\":{\"@id\":\"https:\/\/greener.es\/de\/dienstleistungen\/#breadcrumb\"},\"inLanguage\":\"de\",\"potentialAction\":[{\"@type\":\"ReadAction\",\"target\":[\"https:\/\/greener.es\/de\/dienstleistungen\/\"]}]},{\"@type\":\"BreadcrumbList\",\"@id\":\"https:\/\/greener.es\/de\/dienstleistungen\/#breadcrumb\",\"itemListElement\":[{\"@type\":\"ListItem\",\"position\":1,\"name\":\"Portada\",\"item\":\"https:\/\/greener.es\/de\/startseite\/\"},{\"@type\":\"ListItem\",\"position\":2,\"name\":\"Dienstleistungen\"}]},{\"@type\":\"WebSite\",\"@id\":\"https:\/\/greener.es\/de\/#website\",\"url\":\"https:\/\/greener.es\/de\/\",\"name\":\"Greener, empresa de jardiner\u00eda en Mallorca\",\"description\":\"Greener, empresa de jardiner\u00eda en Mallorca\",\"publisher\":{\"@id\":\"https:\/\/greener.es\/de\/#organization\"},\"potentialAction\":[{\"@type\":\"SearchAction\",\"target\":{\"@type\":\"EntryPoint\",\"urlTemplate\":\"https:\/\/greener.es\/de\/?s={search_term_string}\"},\"query-input\":\"required name=search_term_string\"}],\"inLanguage\":\"de\"},{\"@type\":\"Organization\",\"@id\":\"https:\/\/greener.es\/de\/#organization\",\"name\":\"Greener\",\"url\":\"https:\/\/greener.es\/de\/\",\"logo\":{\"@type\":\"ImageObject\",\"inLanguage\":\"de\",\"@id\":\"https:\/\/greener.es\/de\/#\/schema\/logo\/image\/\",\"url\":\"https:\/\/greener.es\/wp-content\/uploads\/2022\/04\/greener-logo-bk-img.png\",\"contentUrl\":\"https:\/\/greener.es\/wp-content\/uploads\/2022\/04\/greener-logo-bk-img.png\",\"width\":298,\"height\":70,\"caption\":\"Greener\"},\"image\":{\"@id\":\"https:\/\/greener.es\/de\/#\/schema\/logo\/image\/\"}}]}<\/script>\n<!-- \/ Yoast SEO plugin. -->","yoast_head_json":{"title":"Dienstleistungen | Greener, empresa de jardiner\u00eda en Mallorca","robots":{"index":"index","follow":"follow","max-snippet":"max-snippet:-1","max-image-preview":"max-image-preview:large","max-video-preview":"max-video-preview:-1"},"canonical":"https:\/\/greener.es\/de\/dienstleistungen\/","og_locale":"de_DE","og_type":"article","og_title":"Dienstleistungen | Greener, empresa de jardiner\u00eda en Mallorca","og_description":"[vc_row][vc_column][gsf_space desktop=&#8220;150&#8243; tablet=&#8220;120&#8243; tablet_portrait=&#8220;90&#8243; mobile_landscape=&#8220;50&#8243; mobile=&#8220;40&#8243;][gsf_heading title_font_size=&#8220;14&#8243; title_color=&#8220;#8cba38&#8243; title_letter_spacing=&#8220;0.2&#8243; sub_title_font_size=&#8220;16&#8243; title_use_theme_fonts=&#8220;&#8220; title=&#8220;DIENSTLEISTUNGEN&#8220; title_typography=&#8220;Lato|900|900|normal&#8220;] Wir entwerfen und pflegen ma\u00dfgefertigte G\u00e4rten nach dem Geschmack und den Bed\u00fcrfnissen jedes Kunden und verwenden dabei die neuesten Innovationen des Sektors, um ein unschlagbares Ergebnis zu erzielen. [\/gsf_heading][gsf_space desktop=&#8220;80&#8243; tablet=&#8220;70&#8243; tablet_portrait=&#8220;60&#8243; mobile_landscape=&#8220;50&#8243; mobile=&#8220;40&#8243;][\/vc_column][\/vc_row][vc_row content_width=&#8220;full&#8220; el_class=&#8220;md-custom-background&#8220; css=&#8220;.vc_custom_1654525228609{background-position: center !important;background-repeat: no-repeat !important;background-size: cover [&hellip;]","og_url":"https:\/\/greener.es\/de\/dienstleistungen\/","og_site_name":"Greener, empresa de jardiner\u00eda en Mallorca","article_modified_time":"2022-07-01T13:02:35+00:00","twitter_card":"summary_large_image","twitter_misc":{"Gesch\u00e4tzte Lesezeit":"3\u00a0Minuten"},"schema":{"@context":"https:\/\/schema.org","@graph":[{"@type":"WebPage","@id":"https:\/\/greener.es\/de\/dienstleistungen\/","url":"https:\/\/greener.es\/de\/dienstleistungen\/","name":"Dienstleistungen | Greener, empresa de jardiner\u00eda en Mallorca","isPartOf":{"@id":"https:\/\/greener.es\/de\/#website"},"datePublished":"2022-04-06T03:18:09+00:00","dateModified":"2022-07-01T13:02:35+00:00","breadcrumb":{"@id":"https:\/\/greener.es\/de\/dienstleistungen\/#breadcrumb"},"inLanguage":"de","potentialAction":[{"@type":"ReadAction","target":["https:\/\/greener.es\/de\/dienstleistungen\/"]}]},{"@type":"BreadcrumbList","@id":"https:\/\/greener.es\/de\/dienstleistungen\/#breadcrumb","itemListElement":[{"@type":"ListItem","position":1,"name":"Portada","item":"https:\/\/greener.es\/de\/startseite\/"},{"@type":"ListItem","position":2,"name":"Dienstleistungen"}]},{"@type":"WebSite","@id":"https:\/\/greener.es\/de\/#website","url":"https:\/\/greener.es\/de\/","name":"Greener, empresa de jardiner\u00eda en Mallorca","description":"Greener, empresa de jardiner\u00eda en Mallorca","publisher":{"@id":"https:\/\/greener.es\/de\/#organization"},"potentialAction":[{"@type":"SearchAction","target":{"@type":"EntryPoint","urlTemplate":"https:\/\/greener.es\/de\/?s={search_term_string}"},"query-input":"required name=search_term_string"}],"inLanguage":"de"},{"@type":"Organization","@id":"https:\/\/greener.es\/de\/#organization","name":"Greener","url":"https:\/\/greener.es\/de\/","logo":{"@type":"ImageObject","inLanguage":"de","@id":"https:\/\/greener.es\/de\/#\/schema\/logo\/image\/","url":"https:\/\/greener.es\/wp-content\/uploads\/2022\/04\/greener-logo-bk-img.png","contentUrl":"https:\/\/greener.es\/wp-content\/uploads\/2022\/04\/greener-logo-bk-img.png","width":298,"height":70,"caption":"Greener"},"image":{"@id":"https:\/\/greener.es\/de\/#\/schema\/logo\/image\/"}}]}},"_links":{"self":[{"href":"https:\/\/greener.es\/de\/wp-json\/wp\/v2\/pages\/7765","targetHints":{"allow":["GET"]}}],"collection":[{"href":"https:\/\/greener.es\/de\/wp-json\/wp\/v2\/pages"}],"about":[{"href":"https:\/\/greener.es\/de\/wp-json\/wp\/v2\/types\/page"}],"author":[{"embeddable":true,"href":"https:\/\/greener.es\/de\/wp-json\/wp\/v2\/users\/1"}],"replies":[{"embeddable":true,"href":"https:\/\/greener.es\/de\/wp-json\/wp\/v2\/comments?post=7765"}],"version-history":[{"count":43,"href":"https:\/\/greener.es\/de\/wp-json\/wp\/v2\/pages\/7765\/revisions"}],"predecessor-version":[{"id":8784,"href":"https:\/\/greener.es\/de\/wp-json\/wp\/v2\/pages\/7765\/revisions\/8784"}],"wp:attachment":[{"href":"https:\/\/greener.es\/de\/wp-json\/wp\/v2\/media?parent=7765"}],"curies":[{"name":"wp","href":"https:\/\/api.w.org\/{rel}","templated":true}]}}