{"id":7749,"date":"2022-04-05T05:44:42","date_gmt":"2022-04-05T03:44:42","guid":{"rendered":"https:\/\/greener.es\/about-us\/"},"modified":"2022-07-01T15:03:59","modified_gmt":"2022-07-01T13:03:59","slug":"about-us","status":"publish","type":"page","link":"https:\/\/greener.es\/en\/about-us\/","title":{"rendered":"About us"},"content":{"rendered":"<p>[vc_row content_width=&#8221;full&#8221; el_class=&#8221;md-custom-background&#8221; css=&#8221;.vc_custom_1654587642092{background-position: center !important;background-repeat: no-repeat !important;background-size: cover !important;}&#8221;][vc_column width=&#8221;1\/2&#8243; offset=&#8221;vc_col-lg-6 vc_col-md-9&#8243;][gsf_space desktop=&#8221;145&#8243; tablet=&#8221;110&#8243; tablet_portrait=&#8221;90&#8243; mobile_landscape=&#8221;80&#8243; mobile=&#8221;70&#8243;][gsf_heading title_font_size=&#8221;48&#8243; sub_title_font_size=&#8221;14&#8243; text_align=&#8221;text-left&#8221; sub_title_use_theme_fonts=&#8221;&#8221; sub_title=&#8221;SOBRE NOSOTROS&#8221; sub_title_typography=&#8221;Lato|regular|400|normal&#8221; css=&#8221;.vc_custom_1656314988702{margin-bottom: 24px !important;}&#8221;]<\/p>\n<p class=\"fs-30 primary-font text-italic heading-color\" style=\"letter-spacing: 0.1em; max-width: 500px; line-height: 37px;\">\nEn Greener estamos especializados en el dise\u00f1o y mantenimiento de <b>jardines<\/b>.<\/p>\n<p>Nuestro objetivo es obtener el <b>resultado perfecto<\/b>, y para ello, cuidamos hasta el m\u00e1s m\u00ednimo detalle, utilizando las <b>t\u00e9cnicas y herramientas m\u00e1s punteras<\/b>, poni\u00e9ndolas al servicio de nuestros clientes.<\/p>\n<p>[\/gsf_heading][gsf_space desktop=&#8221;42&#8243; tablet=&#8221;40&#8243; tablet_portrait=&#8221;30&#8243; mobile_landscape=&#8221;30&#8243; mobile=&#8221;30&#8243;][\/vc_column][vc_column width=&#8221;1\/2&#8243;][gsf_space desktop=&#8221;50&#8243; tablet=&#8221;110&#8243; tablet_portrait=&#8221;90&#8243; mobile_landscape=&#8221;80&#8243; mobile=&#8221;70&#8243;][vc_single_image image=&#8221;8702&#8243; img_size=&#8221;full&#8221;][\/vc_column][\/vc_row][vc_row content_width=&#8221;full&#8221; equal_height=&#8221;yes&#8221; content_placement=&#8221;middle&#8221;][vc_column width=&#8221;1\/2&#8243; css=&#8221;.vc_custom_1656673697576{background-position: center !important;background-repeat: no-repeat !important;background-size: cover !important;}&#8221;][gsf_space desktop=&#8221;50&#8243; tablet=&#8221;110&#8243; tablet_portrait=&#8221;90&#8243; mobile_landscape=&#8221;80&#8243; mobile=&#8221;70&#8243;][vc_single_image image=&#8221;8708&#8243; img_size=&#8221;full&#8221;][gsf_space desktop=&#8221;50&#8243; tablet=&#8221;110&#8243; tablet_portrait=&#8221;90&#8243; mobile_landscape=&#8221;80&#8243; mobile=&#8221;70&#8243;][\/vc_column][vc_column width=&#8221;1\/2&#8243; css=&#8221;.vc_custom_1654587770933{margin-left: 30px !important;}&#8221;][gsf_heading title_font_size=&#8221;48&#8243; sub_title_font_size=&#8221;14&#8243; sub_title_use_theme_fonts=&#8221;&#8221; sub_title_typography=&#8221;Lato|regular|400|normal&#8221; css=&#8221;.vc_custom_1655459472174{margin-bottom: 35px !important;}&#8221;]<\/p>\n<p class=\"fs-30 primary-font text-italic heading-color\" style=\"letter-spacing: 0.1em; max-width: 500px; line-height: 37px; text-align:left\">En cada uno de los proyectos que realizamos, respetamos y cuidamos el medio ambiente, ya que nuestro m\u00e9todo de trabajo se basa en la <b>sostenibilidad<\/b>.<\/p>\n<p>Nuestro equipo te asesorar\u00e1 para que el espacio exterior de tu casa est\u00e9 de la manera m\u00e1s \u00f3ptima posible, puesto que, contamos con un <b>equipo de profesionales<\/b> de contrastada val\u00eda que te acompa\u00f1ar\u00e1 y guiar\u00e1 en todo el proceso.<\/p>\n<p>[\/gsf_heading][gsf_space desktop=&#8221;90&#8243; tablet=&#8221;70&#8243; tablet_portrait=&#8221;60&#8243; mobile_landscape=&#8221;60&#8243; mobile=&#8221;60&#8243;][\/vc_column][\/vc_row][vc_row][vc_column][\/vc_column][\/vc_row][vc_row][vc_column][gsf_space desktop=&#8221;40&#8243; tablet=&#8221;40&#8243; tablet_portrait=&#8221;30&#8243; mobile_landscape=&#8221;30&#8243; mobile=&#8221;20&#8243;][\/vc_column][\/vc_row]<\/p>\n","protected":false},"excerpt":{"rendered":"<p>[vc_row content_width=&#8221;full&#8221; el_class=&#8221;md-custom-background&#8221; css=&#8221;.vc_custom_1654587642092{background-position: center !important;background-repeat: no-repeat !important;background-size: cover !important;}&#8221;][vc_column width=&#8221;1\/2&#8243; offset=&#8221;vc_col-lg-6 vc_col-md-9&#8243;][gsf_space desktop=&#8221;145&#8243; tablet=&#8221;110&#8243; tablet_portrait=&#8221;90&#8243; mobile_landscape=&#8221;80&#8243; mobile=&#8221;70&#8243;][gsf_heading title_font_size=&#8221;48&#8243; sub_title_font_size=&#8221;14&#8243; text_align=&#8221;text-left&#8221; sub_title_use_theme_fonts=&#8221;&#8221; sub_title=&#8221;SOBRE NOSOTROS&#8221; sub_title_typography=&#8221;Lato|regular|400|normal&#8221; css=&#8221;.vc_custom_1656314988702{margin-bottom: 24px !important;}&#8221;] En Greener estamos especializados en el dise\u00f1o y mantenimiento de jardines. Nuestro objetivo es obtener el resultado perfecto, y para ello, cuidamos hasta el m\u00e1s m\u00ednimo detalle, [&hellip;]<\/p>\n","protected":false},"author":1,"featured_media":0,"parent":0,"menu_order":0,"comment_status":"closed","ping_status":"closed","template":"","meta":{"footnotes":""},"class_list":["post-7749","page","type-page","status-publish","hentry"],"yoast_head":"<!-- This site is optimized with the Yoast SEO plugin v20.12 - https:\/\/yoast.com\/wordpress\/plugins\/seo\/ -->\n<title>About us | Greener, empresa de jardiner\u00eda en Mallorca<\/title>\n<meta name=\"robots\" content=\"index, follow, max-snippet:-1, max-image-preview:large, max-video-preview:-1\" \/>\n<link rel=\"canonical\" href=\"https:\/\/greener.es\/en\/about-us\/\" \/>\n<meta property=\"og:locale\" content=\"en_US\" \/>\n<meta property=\"og:type\" content=\"article\" \/>\n<meta property=\"og:title\" content=\"About us | Greener, empresa de jardiner\u00eda en Mallorca\" \/>\n<meta property=\"og:description\" content=\"[vc_row content_width=&#8221;full&#8221; el_class=&#8221;md-custom-background&#8221; css=&#8221;.vc_custom_1654587642092{background-position: center !important;background-repeat: no-repeat !important;background-size: cover !important;}&#8221;][vc_column width=&#8221;1\/2&#8243; offset=&#8221;vc_col-lg-6 vc_col-md-9&#8243;][gsf_space desktop=&#8221;145&#8243; tablet=&#8221;110&#8243; tablet_portrait=&#8221;90&#8243; mobile_landscape=&#8221;80&#8243; mobile=&#8221;70&#8243;][gsf_heading title_font_size=&#8221;48&#8243; sub_title_font_size=&#8221;14&#8243; text_align=&#8221;text-left&#8221; sub_title_use_theme_fonts=&#8221;&#8221; sub_title=&#8221;SOBRE NOSOTROS&#8221; sub_title_typography=&#8221;Lato|regular|400|normal&#8221; css=&#8221;.vc_custom_1656314988702{margin-bottom: 24px !important;}&#8221;] En Greener estamos especializados en el dise\u00f1o y mantenimiento de jardines. Nuestro objetivo es obtener el resultado perfecto, y para ello, cuidamos hasta el m\u00e1s m\u00ednimo detalle, [&hellip;]\" \/>\n<meta property=\"og:url\" content=\"https:\/\/greener.es\/en\/about-us\/\" \/>\n<meta property=\"og:site_name\" content=\"Greener, empresa de jardiner\u00eda en Mallorca\" \/>\n<meta property=\"article:modified_time\" content=\"2022-07-01T13:03:59+00:00\" \/>\n<meta name=\"twitter:card\" content=\"summary_large_image\" \/>\n<meta name=\"twitter:label1\" content=\"Est. reading time\" \/>\n\t<meta name=\"twitter:data1\" content=\"2 minutes\" \/>\n<script type=\"application\/ld+json\" class=\"yoast-schema-graph\">{\"@context\":\"https:\/\/schema.org\",\"@graph\":[{\"@type\":\"WebPage\",\"@id\":\"https:\/\/greener.es\/en\/about-us\/\",\"url\":\"https:\/\/greener.es\/en\/about-us\/\",\"name\":\"About us | Greener, empresa de jardiner\u00eda en Mallorca\",\"isPartOf\":{\"@id\":\"https:\/\/greener.es\/en\/#website\"},\"datePublished\":\"2022-04-05T03:44:42+00:00\",\"dateModified\":\"2022-07-01T13:03:59+00:00\",\"breadcrumb\":{\"@id\":\"https:\/\/greener.es\/en\/about-us\/#breadcrumb\"},\"inLanguage\":\"en-US\",\"potentialAction\":[{\"@type\":\"ReadAction\",\"target\":[\"https:\/\/greener.es\/en\/about-us\/\"]}]},{\"@type\":\"BreadcrumbList\",\"@id\":\"https:\/\/greener.es\/en\/about-us\/#breadcrumb\",\"itemListElement\":[{\"@type\":\"ListItem\",\"position\":1,\"name\":\"Portada\",\"item\":\"https:\/\/greener.es\/en\/home\/\"},{\"@type\":\"ListItem\",\"position\":2,\"name\":\"About us\"}]},{\"@type\":\"WebSite\",\"@id\":\"https:\/\/greener.es\/en\/#website\",\"url\":\"https:\/\/greener.es\/en\/\",\"name\":\"Greener, empresa de jardiner\u00eda en Mallorca\",\"description\":\"Greener, empresa de jardiner\u00eda en Mallorca\",\"publisher\":{\"@id\":\"https:\/\/greener.es\/en\/#organization\"},\"potentialAction\":[{\"@type\":\"SearchAction\",\"target\":{\"@type\":\"EntryPoint\",\"urlTemplate\":\"https:\/\/greener.es\/en\/?s={search_term_string}\"},\"query-input\":\"required name=search_term_string\"}],\"inLanguage\":\"en-US\"},{\"@type\":\"Organization\",\"@id\":\"https:\/\/greener.es\/en\/#organization\",\"name\":\"Greener\",\"url\":\"https:\/\/greener.es\/en\/\",\"logo\":{\"@type\":\"ImageObject\",\"inLanguage\":\"en-US\",\"@id\":\"https:\/\/greener.es\/en\/#\/schema\/logo\/image\/\",\"url\":\"https:\/\/greener.es\/wp-content\/uploads\/2022\/04\/greener-logo-bk-img.png\",\"contentUrl\":\"https:\/\/greener.es\/wp-content\/uploads\/2022\/04\/greener-logo-bk-img.png\",\"width\":298,\"height\":70,\"caption\":\"Greener\"},\"image\":{\"@id\":\"https:\/\/greener.es\/en\/#\/schema\/logo\/image\/\"}}]}<\/script>\n<!-- \/ Yoast SEO plugin. -->","yoast_head_json":{"title":"About us | Greener, empresa de jardiner\u00eda en Mallorca","robots":{"index":"index","follow":"follow","max-snippet":"max-snippet:-1","max-image-preview":"max-image-preview:large","max-video-preview":"max-video-preview:-1"},"canonical":"https:\/\/greener.es\/en\/about-us\/","og_locale":"en_US","og_type":"article","og_title":"About us | Greener, empresa de jardiner\u00eda en Mallorca","og_description":"[vc_row content_width=&#8221;full&#8221; el_class=&#8221;md-custom-background&#8221; css=&#8221;.vc_custom_1654587642092{background-position: center !important;background-repeat: no-repeat !important;background-size: cover !important;}&#8221;][vc_column width=&#8221;1\/2&#8243; offset=&#8221;vc_col-lg-6 vc_col-md-9&#8243;][gsf_space desktop=&#8221;145&#8243; tablet=&#8221;110&#8243; tablet_portrait=&#8221;90&#8243; mobile_landscape=&#8221;80&#8243; mobile=&#8221;70&#8243;][gsf_heading title_font_size=&#8221;48&#8243; sub_title_font_size=&#8221;14&#8243; text_align=&#8221;text-left&#8221; sub_title_use_theme_fonts=&#8221;&#8221; sub_title=&#8221;SOBRE NOSOTROS&#8221; sub_title_typography=&#8221;Lato|regular|400|normal&#8221; css=&#8221;.vc_custom_1656314988702{margin-bottom: 24px !important;}&#8221;] En Greener estamos especializados en el dise\u00f1o y mantenimiento de jardines. Nuestro objetivo es obtener el resultado perfecto, y para ello, cuidamos hasta el m\u00e1s m\u00ednimo detalle, [&hellip;]","og_url":"https:\/\/greener.es\/en\/about-us\/","og_site_name":"Greener, empresa de jardiner\u00eda en Mallorca","article_modified_time":"2022-07-01T13:03:59+00:00","twitter_card":"summary_large_image","twitter_misc":{"Est. reading time":"2 minutes"},"schema":{"@context":"https:\/\/schema.org","@graph":[{"@type":"WebPage","@id":"https:\/\/greener.es\/en\/about-us\/","url":"https:\/\/greener.es\/en\/about-us\/","name":"About us | Greener, empresa de jardiner\u00eda en Mallorca","isPartOf":{"@id":"https:\/\/greener.es\/en\/#website"},"datePublished":"2022-04-05T03:44:42+00:00","dateModified":"2022-07-01T13:03:59+00:00","breadcrumb":{"@id":"https:\/\/greener.es\/en\/about-us\/#breadcrumb"},"inLanguage":"en-US","potentialAction":[{"@type":"ReadAction","target":["https:\/\/greener.es\/en\/about-us\/"]}]},{"@type":"BreadcrumbList","@id":"https:\/\/greener.es\/en\/about-us\/#breadcrumb","itemListElement":[{"@type":"ListItem","position":1,"name":"Portada","item":"https:\/\/greener.es\/en\/home\/"},{"@type":"ListItem","position":2,"name":"About us"}]},{"@type":"WebSite","@id":"https:\/\/greener.es\/en\/#website","url":"https:\/\/greener.es\/en\/","name":"Greener, empresa de jardiner\u00eda en Mallorca","description":"Greener, empresa de jardiner\u00eda en Mallorca","publisher":{"@id":"https:\/\/greener.es\/en\/#organization"},"potentialAction":[{"@type":"SearchAction","target":{"@type":"EntryPoint","urlTemplate":"https:\/\/greener.es\/en\/?s={search_term_string}"},"query-input":"required name=search_term_string"}],"inLanguage":"en-US"},{"@type":"Organization","@id":"https:\/\/greener.es\/en\/#organization","name":"Greener","url":"https:\/\/greener.es\/en\/","logo":{"@type":"ImageObject","inLanguage":"en-US","@id":"https:\/\/greener.es\/en\/#\/schema\/logo\/image\/","url":"https:\/\/greener.es\/wp-content\/uploads\/2022\/04\/greener-logo-bk-img.png","contentUrl":"https:\/\/greener.es\/wp-content\/uploads\/2022\/04\/greener-logo-bk-img.png","width":298,"height":70,"caption":"Greener"},"image":{"@id":"https:\/\/greener.es\/en\/#\/schema\/logo\/image\/"}}]}},"_links":{"self":[{"href":"https:\/\/greener.es\/en\/wp-json\/wp\/v2\/pages\/7749","targetHints":{"allow":["GET"]}}],"collection":[{"href":"https:\/\/greener.es\/en\/wp-json\/wp\/v2\/pages"}],"about":[{"href":"https:\/\/greener.es\/en\/wp-json\/wp\/v2\/types\/page"}],"author":[{"embeddable":true,"href":"https:\/\/greener.es\/en\/wp-json\/wp\/v2\/users\/1"}],"replies":[{"embeddable":true,"href":"https:\/\/greener.es\/en\/wp-json\/wp\/v2\/comments?post=7749"}],"version-history":[{"count":14,"href":"https:\/\/greener.es\/en\/wp-json\/wp\/v2\/pages\/7749\/revisions"}],"predecessor-version":[{"id":8790,"href":"https:\/\/greener.es\/en\/wp-json\/wp\/v2\/pages\/7749\/revisions\/8790"}],"wp:attachment":[{"href":"https:\/\/greener.es\/en\/wp-json\/wp\/v2\/media?parent=7749"}],"curies":[{"name":"wp","href":"https:\/\/api.w.org\/{rel}","templated":true}]}}